{"id":1082,"date":"2019-01-23T06:31:06","date_gmt":"2019-01-23T06:31:06","guid":{"rendered":"https:\/\/locksmith.techtonicweb.com\/home\/"},"modified":"2025-05-16T08:39:50","modified_gmt":"2025-05-16T08:39:50","slug":"home","status":"publish","type":"page","link":"https:\/\/mztextileworld.com\/en_us\/","title":{"rendered":"Home"},"content":{"rendered":"<h1>Premium Textiles for Your Home<\/h1>\n<p>\t\t\t\t\t<a href=\"https:\/\/mztextileworld.com\/en_us\/store\/\"><br \/>\n\t\t\t\t\t\t\t\t\tShop Now<br \/>\n\t\t\t\t\t<\/a><br \/>\n\t\t\t\t<svg aria-hidden=\"true\" viewbox=\"0 0 576 512\" xmlns=\"http:\/\/www.w3.org\/2000\/svg\"><path d=\"M568.25 192c-29.04.13-135.01 6.16-213.84 83-33.12 29.63-53.36 63.3-66.41 94.86-13.05-31.56-33.29-65.23-66.41-94.86-78.83-76.84-184.8-82.87-213.84-83-4.41-.02-7.79 3.4-7.75 7.82.23 27.92 7.14 126.14 88.77 199.3C172.79 480.94 256 480 288 480s115.19.95 199.23-80.88c81.64-73.17 88.54-171.38 88.77-199.3.04-4.42-3.34-7.84-7.75-7.82zM287.98 302.6c12.82-18.85 27.6-35.78 44.09-50.52 19.09-18.61 39.58-33.3 60.26-45.18-16.44-70.5-51.72-133.05-96.73-172.22-4.11-3.58-11.02-3.58-15.14 0-44.99 39.14-80.27 101.63-96.74 172.07 20.37 11.7 40.5 26.14 59.22 44.39a282.768 282.768 0 0 1 45.04 51.46z\"><\/path><\/svg>\t\t\t\t<\/p>\n<h5>\n\t\t\t\t\t\t\tPremium Collection<br \/>\n\t\t\t\t\t<\/h5>\n<p>\n\t\t\t\t\t\tOur Luxurious Textile Collection\t\t\t\t\t<\/p>\n<p>\t\t\t\t<svg aria-hidden=\"true\" viewbox=\"0 0 512 512\" xmlns=\"http:\/\/www.w3.org\/2000\/svg\"><path d=\"M509.5 184.6L458.9 32.8C452.4 13.2 434.1 0 413.4 0H272v192h238.7c-.4-2.5-.4-5-1.2-7.4zM240 0H98.6c-20.7 0-39 13.2-45.5 32.8L2.5 184.6c-.8 2.4-.8 4.9-1.2 7.4H240V0zM0 224v240c0 26.5 21.5 48 48 48h416c26.5 0 48-21.5 48-48V224H0z\"><\/path><\/svg>\t\t\t\t<\/p>\n<h5>\n\t\t\t\t\t\t\tFree Shipping<br \/>\n\t\t\t\t\t<\/h5>\n<p>\n\t\t\t\t\t\tFree shipping on order\t\t\t\t\t<\/p>\n<p>\t\t\t\t<svg aria-hidden=\"true\" viewbox=\"0 0 512 512\" xmlns=\"http:\/\/www.w3.org\/2000\/svg\"><path d=\"M440.65 12.57l4 82.77A247.16 247.16 0 0 0 255.83 8C134.73 8 33.91 94.92 12.29 209.82A12 12 0 0 0 24.09 224h49.05a12 12 0 0 0 11.67-9.26 175.91 175.91 0 0 1 317-56.94l-101.46-4.86a12 12 0 0 0-12.57 12v47.41a12 12 0 0 0 12 12H500a12 12 0 0 0 12-12V12a12 12 0 0 0-12-12h-47.37a12 12 0 0 0-11.98 12.57zM255.83 432a175.61 175.61 0 0 1-146-77.8l101.8 4.87a12 12 0 0 0 12.57-12v-47.4a12 12 0 0 0-12-12H12a12 12 0 0 0-12 12V500a12 12 0 0 0 12 12h47.35a12 12 0 0 0 12-12.6l-4.15-82.57A247.17 247.17 0 0 0 255.83 504c121.11 0 221.93-86.92 243.55-201.82a12 12 0 0 0-11.8-14.18h-49.05a12 12 0 0 0-11.67 9.26A175.86 175.86 0 0 1 255.83 432z\"><\/path><\/svg>\t\t\t\t<\/p>\n<h5>\n\t\t\t\t\t\t\t100% Money Back Guarantee<br \/>\n\t\t\t\t\t<\/h5>\n<p>\n\t\t\t\t\t\tIf the item didn't suit you\t\t\t\t\t<\/p>\n<h2>Our Categories<\/h2>\n<p>\t\t\t\t\t\t\t\t\t\t\t\t\t\t\t\t<a href=\"https:\/\/mztextileworld.com\/en_us\/product-category\/dekokissen\/\"><br \/>\n\t\t\t\t\t\t\t<img loading=\"lazy\" decoding=\"async\" width=\"1024\" height=\"1024\" src=\"https:\/\/mztextileworld.com\/wp-content\/uploads\/2024\/04\/4-1024x1024.jpeg\" alt=\"\" srcset=\"https:\/\/mztextileworld.com\/wp-content\/uploads\/2024\/04\/4-1024x1024.jpeg 1024w, https:\/\/mztextileworld.com\/wp-content\/uploads\/2024\/04\/4-300x300.jpeg 300w, https:\/\/mztextileworld.com\/wp-content\/uploads\/2024\/04\/4-150x150.jpeg 150w, https:\/\/mztextileworld.com\/wp-content\/uploads\/2024\/04\/4-768x768.jpeg 768w, https:\/\/mztextileworld.com\/wp-content\/uploads\/2024\/04\/4-12x12.jpeg 12w, https:\/\/mztextileworld.com\/wp-content\/uploads\/2024\/04\/4-600x600.jpeg 600w, https:\/\/mztextileworld.com\/wp-content\/uploads\/2024\/04\/4-100x100.jpeg 100w, https:\/\/mztextileworld.com\/wp-content\/uploads\/2024\/04\/4.jpeg 1280w\" sizes=\"auto, (max-width: 1024px) 100vw, 1024px\" \/>\t\t\t\t\t\t\t\t<\/a><\/p>\n<h4><a href=\"https:\/\/mztextileworld.com\/en_us\/product-category\/dekokissen\/\">Decorative Cushion Cover<\/a><\/h4>\n<p>\t\t\t\t\t\t\t\t\t\t\t\t\t\t\t\t<a href=\"https:\/\/mztextileworld.com\/en_us\/product-category\/bettwasche\/\"><br \/>\n\t\t\t\t\t\t\t<img loading=\"lazy\" decoding=\"async\" width=\"1024\" height=\"1024\" src=\"https:\/\/mztextileworld.com\/wp-content\/uploads\/2024\/02\/s-l1600-8-1024x1024.jpg\" alt=\"\" srcset=\"https:\/\/mztextileworld.com\/wp-content\/uploads\/2024\/02\/s-l1600-8-1024x1024.jpg 1024w, https:\/\/mztextileworld.com\/wp-content\/uploads\/2024\/02\/s-l1600-8-300x300.jpg 300w, https:\/\/mztextileworld.com\/wp-content\/uploads\/2024\/02\/s-l1600-8-150x150.jpg 150w, https:\/\/mztextileworld.com\/wp-content\/uploads\/2024\/02\/s-l1600-8-768x768.jpg 768w, https:\/\/mztextileworld.com\/wp-content\/uploads\/2024\/02\/s-l1600-8-1536x1536.jpg 1536w, https:\/\/mztextileworld.com\/wp-content\/uploads\/2024\/02\/s-l1600-8-600x600.jpg 600w, https:\/\/mztextileworld.com\/wp-content\/uploads\/2024\/02\/s-l1600-8-100x100.jpg 100w, https:\/\/mztextileworld.com\/wp-content\/uploads\/2024\/02\/s-l1600-8.jpg 1600w\" sizes=\"auto, (max-width: 1024px) 100vw, 1024px\" \/>\t\t\t\t\t\t\t\t<\/a><\/p>\n<h4><a href=\"https:\/\/mztextileworld.com\/en_us\/product-category\/bettwasche\/\">Duvet Cover Set<\/a><\/h4>\n<p>\t\t\t\t\t\t\t\t\t\t\t\t\t\t\t<img loading=\"lazy\" decoding=\"async\" width=\"1024\" height=\"1024\" src=\"https:\/\/mztextileworld.com\/wp-content\/uploads\/2024\/02\/s-l1600-1-1024x1024.jpg\" alt=\"\" srcset=\"https:\/\/mztextileworld.com\/wp-content\/uploads\/2024\/02\/s-l1600-1-1024x1024.jpg 1024w, https:\/\/mztextileworld.com\/wp-content\/uploads\/2024\/02\/s-l1600-1-300x300.jpg 300w, https:\/\/mztextileworld.com\/wp-content\/uploads\/2024\/02\/s-l1600-1-150x150.jpg 150w, https:\/\/mztextileworld.com\/wp-content\/uploads\/2024\/02\/s-l1600-1-768x768.jpg 768w, https:\/\/mztextileworld.com\/wp-content\/uploads\/2024\/02\/s-l1600-1-1536x1536.jpg 1536w, https:\/\/mztextileworld.com\/wp-content\/uploads\/2024\/02\/s-l1600-1-600x600.jpg 600w, https:\/\/mztextileworld.com\/wp-content\/uploads\/2024\/02\/s-l1600-1-100x100.jpg 100w, https:\/\/mztextileworld.com\/wp-content\/uploads\/2024\/02\/s-l1600-1.jpg 1600w\" sizes=\"auto, (max-width: 1024px) 100vw, 1024px\" \/>\t\t\t\t\t\t\t\t\t\t\t\t\t\t\t<\/p>\n<h4><a href=\"https:\/\/mztextileworld.com\/en_us\/product-category\/matratzenschoner\/\">Mattress Protector<br \/>\n<\/a><\/h4>\n<h2>Featured Products<\/h2>\n<h4>Premium Textiles for Your Home<\/h4>\n<p>Elevate Your Home with Our Luxurious Textile Collection.<\/p>\n<p>\t\t\t\t\t<a href=\"https:\/\/mztextileworld.com\/en_us\/store\/\"><br \/>\n\t\t\t\t\t\t\t\t\tSee Collection<br \/>\n\t\t\t\t\t<\/a><\/p>\n<h4>Surround Yourself with Comfort and Style<\/h4>\n<p>Create a Cozy Haven with Our Home Textile Collection.\n<\/p>\n<p>\t\t\t\t\t<a href=\"https:\/\/mztextileworld.com\/en_us\/store\/\"><br \/>\n\t\t\t\t\t\t\t\t\tSee Collection<br \/>\n\t\t\t\t\t<\/a><\/p>\n<h4>Komfort &#038; Sch\u00f6nheit von nat\u00fcrlicher Baumwolle<\/h4>\n<p>Carefully crafted to provide superior quality, durability and breathability.\n<\/p>\n<p>\t\t\t\t\t<a href=\"https:\/\/mztextileworld.com\/en_us\/store\/\"><br \/>\n\t\t\t\t\t\t\t\t\tVisit the Store<br \/>\n\t\t\t\t\t<\/a><\/p>\n<h5>Mz Textile World<\/h5>\n<h3>Mission<br \/>\n<\/h3>\n<p>\t\tTo provide customers with the highest quality natural cotton products that enhance their comfort and well-being, while promoting sustainability and social responsibility.<\/p>\n<h5>Mz Textile World<\/h5>\n<h3>Vision<br \/>\n<\/h3>\n<p>\t\tTo be a leading provider of natural cotton products, known for our commitment to quality, innovation, and ethical business practices, and to inspire positive change in the textile industry.<\/p>\n<h2>Interested? Shop This Premium Textiles Collection!<\/h2>\n<p>Elevate Your Home with Our Luxurious Textile Collection<\/p>\n<p>\t\t\t\t\t<a href=\"https:\/\/mztextileworld.com\/en_us\/store\/\"><br \/>\n\t\t\t\t\t\t\t\t\tShop Now<br \/>\n\t\t\t\t\t<\/a><\/p>","protected":false},"excerpt":{"rendered":"<p>Premium Textilien f\u00fcr Ihr Zuhause Jetzt einkaufen Premium Kollektion Unsere luxuri\u00f6se Textilkollektion Kostenloser Versand Kostenloser Versand bei Bestellung 100% Geld-zur\u00fcck-Garantie Wenn Ihnen der Artikel nicht gefallen hat Unsere Kategorien Dekokissen Bettw\u00e4sche Matratzenschoner Empfohlene Produkte Premium Textilien f\u00fcr Ihr Zuhause Erheben Sie Ihr Zuhause mit unserer luxuri\u00f6sen Textilkollektion. Kollektion ansehen Umgeben Sie sich mit Komfort und [&hellip;]<\/p>\n","protected":false},"author":2,"featured_media":0,"parent":0,"menu_order":0,"comment_status":"closed","ping_status":"closed","template":"","meta":{"site-sidebar-layout":"no-sidebar","site-content-layout":"page-builder","ast-site-content-layout":"full-width-container","site-content-style":"unboxed","site-sidebar-style":"unboxed","ast-global-header-display":"","ast-banner-title-visibility":"","ast-main-header-display":"","ast-hfb-above-header-display":"","ast-hfb-below-header-display":"","ast-hfb-mobile-header-display":"","site-post-title":"disabled","ast-breadcrumbs-content":"","ast-featured-img":"disabled","footer-sml-layout":"","ast-disable-related-posts":"","theme-transparent-header-meta":"enabled","adv-header-id-meta":"","stick-header-meta":"","header-above-stick-meta":"","header-main-stick-meta":"","header-below-stick-meta":"","astra-migrate-meta-layouts":"set","ast-page-background-enabled":"default","ast-page-background-meta":{"desktop":{"background-color":"","background-image":"","background-repeat":"repeat","background-position":"center center","background-size":"auto","background-attachment":"scroll","background-type":"","background-media":"","overlay-type":"","overlay-color":"","overlay-opacity":"","overlay-gradient":""},"tablet":{"background-color":"","background-image":"","background-repeat":"repeat","background-position":"center center","background-size":"auto","background-attachment":"scroll","background-type":"","background-media":"","overlay-type":"","overlay-color":"","overlay-opacity":"","overlay-gradient":""},"mobile":{"background-color":"","background-image":"","background-repeat":"repeat","background-position":"center center","background-size":"auto","background-attachment":"scroll","background-type":"","background-media":"","overlay-type":"","overlay-color":"","overlay-opacity":"","overlay-gradient":""}},"ast-content-background-meta":{"desktop":{"background-color":"var(--ast-global-color-5)","background-image":"","background-repeat":"repeat","background-position":"center center","background-size":"auto","background-attachment":"scroll","background-type":"","background-media":"","overlay-type":"","overlay-color":"","overlay-opacity":"","overlay-gradient":""},"tablet":{"background-color":"var(--ast-global-color-5)","background-image":"","background-repeat":"repeat","background-position":"center center","background-size":"auto","background-attachment":"scroll","background-type":"","background-media":"","overlay-type":"","overlay-color":"","overlay-opacity":"","overlay-gradient":""},"mobile":{"background-color":"var(--ast-global-color-5)","background-image":"","background-repeat":"repeat","background-position":"center center","background-size":"auto","background-attachment":"scroll","background-type":"","background-media":"","overlay-type":"","overlay-color":"","overlay-opacity":"","overlay-gradient":""}},"footnotes":""},"class_list":["post-1082","page","type-page","status-publish","hentry"],"yoast_head":"<!-- This site is optimized with the Yoast SEO plugin v27.5 - https:\/\/yoast.com\/product\/yoast-seo-wordpress\/ -->\n<title>Home -<\/title>\n<meta name=\"robots\" content=\"index, follow, max-snippet:-1, max-image-preview:large, max-video-preview:-1\" \/>\n<link rel=\"canonical\" href=\"https:\/\/mztextileworld.com\/en_us\/\" \/>\n<meta property=\"og:locale\" content=\"en_US\" \/>\n<meta property=\"og:type\" content=\"article\" \/>\n<meta property=\"og:title\" content=\"Home -\" \/>\n<meta property=\"og:description\" content=\"Premium Textilien f\u00fcr Ihr Zuhause Jetzt einkaufen Premium Kollektion Unsere luxuri\u00f6se Textilkollektion Kostenloser Versand Kostenloser Versand bei Bestellung 100% Geld-zur\u00fcck-Garantie Wenn Ihnen der Artikel nicht gefallen hat Unsere Kategorien Dekokissen Bettw\u00e4sche Matratzenschoner Empfohlene Produkte Premium Textilien f\u00fcr Ihr Zuhause Erheben Sie Ihr Zuhause mit unserer luxuri\u00f6sen Textilkollektion. Kollektion ansehen Umgeben Sie sich mit Komfort und [&hellip;]\" \/>\n<meta property=\"og:url\" content=\"https:\/\/mztextileworld.com\/en_us\/\" \/>\n<meta property=\"article:publisher\" content=\"https:\/\/www.facebook.com\/mztextileworld\/\" \/>\n<meta property=\"article:modified_time\" content=\"2025-05-16T08:39:50+00:00\" \/>\n<meta property=\"og:image\" content=\"https:\/\/mztextileworld.com\/wp-content\/uploads\/2024\/04\/4.jpeg\" \/>\n\t<meta property=\"og:image:width\" content=\"1280\" \/>\n\t<meta property=\"og:image:height\" content=\"1280\" \/>\n\t<meta property=\"og:image:type\" content=\"image\/jpeg\" \/>\n<meta name=\"twitter:card\" content=\"summary_large_image\" \/>\n<meta name=\"twitter:label1\" content=\"Est. reading time\" \/>\n\t<meta name=\"twitter:data1\" content=\"4 minutes\" \/>\n<script type=\"application\/ld+json\" class=\"yoast-schema-graph\">{\"@context\":\"https:\\\/\\\/schema.org\",\"@graph\":[{\"@type\":\"WebPage\",\"@id\":\"https:\\\/\\\/mztextileworld.com\\\/\",\"url\":\"https:\\\/\\\/mztextileworld.com\\\/\",\"name\":\"Home -\",\"isPartOf\":{\"@id\":\"https:\\\/\\\/mztextileworld.com\\\/#website\"},\"primaryImageOfPage\":{\"@id\":\"https:\\\/\\\/mztextileworld.com\\\/#primaryimage\"},\"image\":{\"@id\":\"https:\\\/\\\/mztextileworld.com\\\/#primaryimage\"},\"thumbnailUrl\":\"https:\\\/\\\/mztextileworld.com\\\/wp-content\\\/uploads\\\/2024\\\/04\\\/4-1024x1024.jpeg\",\"datePublished\":\"2019-01-23T06:31:06+00:00\",\"dateModified\":\"2025-05-16T08:39:50+00:00\",\"breadcrumb\":{\"@id\":\"https:\\\/\\\/mztextileworld.com\\\/#breadcrumb\"},\"inLanguage\":\"en-US\",\"potentialAction\":[{\"@type\":\"ReadAction\",\"target\":[\"https:\\\/\\\/mztextileworld.com\\\/\"]}]},{\"@type\":\"ImageObject\",\"inLanguage\":\"en-US\",\"@id\":\"https:\\\/\\\/mztextileworld.com\\\/#primaryimage\",\"url\":\"https:\\\/\\\/mztextileworld.com\\\/wp-content\\\/uploads\\\/2024\\\/04\\\/4-1024x1024.jpeg\",\"contentUrl\":\"https:\\\/\\\/mztextileworld.com\\\/wp-content\\\/uploads\\\/2024\\\/04\\\/4-1024x1024.jpeg\"},{\"@type\":\"BreadcrumbList\",\"@id\":\"https:\\\/\\\/mztextileworld.com\\\/#breadcrumb\",\"itemListElement\":[{\"@type\":\"ListItem\",\"position\":1,\"name\":\"Home\",\"item\":\"https:\\\/\\\/mztextileworld.com\\\/\"},{\"@type\":\"ListItem\",\"position\":2,\"name\":\"Home\"}]},{\"@type\":\"WebSite\",\"@id\":\"https:\\\/\\\/mztextileworld.com\\\/#website\",\"url\":\"https:\\\/\\\/mztextileworld.com\\\/\",\"name\":\"www.mztextileworld.com\",\"description\":\"\",\"publisher\":{\"@id\":\"https:\\\/\\\/mztextileworld.com\\\/#organization\"},\"potentialAction\":[{\"@type\":\"SearchAction\",\"target\":{\"@type\":\"EntryPoint\",\"urlTemplate\":\"https:\\\/\\\/mztextileworld.com\\\/?s={search_term_string}\"},\"query-input\":{\"@type\":\"PropertyValueSpecification\",\"valueRequired\":true,\"valueName\":\"search_term_string\"}}],\"inLanguage\":\"en-US\"},{\"@type\":\"Organization\",\"@id\":\"https:\\\/\\\/mztextileworld.com\\\/#organization\",\"name\":\"MZ Textile World\",\"url\":\"https:\\\/\\\/mztextileworld.com\\\/\",\"logo\":{\"@type\":\"ImageObject\",\"inLanguage\":\"en-US\",\"@id\":\"https:\\\/\\\/mztextileworld.com\\\/#\\\/schema\\\/logo\\\/image\\\/\",\"url\":\"https:\\\/\\\/mztextileworld.com\\\/wp-content\\\/uploads\\\/2024\\\/02\\\/MZ-Textile-World_F1.png\",\"contentUrl\":\"https:\\\/\\\/mztextileworld.com\\\/wp-content\\\/uploads\\\/2024\\\/02\\\/MZ-Textile-World_F1.png\",\"width\":885,\"height\":885,\"caption\":\"MZ Textile World\"},\"image\":{\"@id\":\"https:\\\/\\\/mztextileworld.com\\\/#\\\/schema\\\/logo\\\/image\\\/\"},\"sameAs\":[\"https:\\\/\\\/www.facebook.com\\\/mztextileworld\\\/\",\"https:\\\/\\\/www.instagram.com\\\/mztextileworld\\\/#\"]}]}<\/script>\n<!-- \/ Yoast SEO plugin. -->","yoast_head_json":{"title":"Home -","robots":{"index":"index","follow":"follow","max-snippet":"max-snippet:-1","max-image-preview":"max-image-preview:large","max-video-preview":"max-video-preview:-1"},"canonical":"https:\/\/mztextileworld.com\/en_us\/","og_locale":"en_US","og_type":"article","og_title":"Home -","og_description":"Premium Textilien f\u00fcr Ihr Zuhause Jetzt einkaufen Premium Kollektion Unsere luxuri\u00f6se Textilkollektion Kostenloser Versand Kostenloser Versand bei Bestellung 100% Geld-zur\u00fcck-Garantie Wenn Ihnen der Artikel nicht gefallen hat Unsere Kategorien Dekokissen Bettw\u00e4sche Matratzenschoner Empfohlene Produkte Premium Textilien f\u00fcr Ihr Zuhause Erheben Sie Ihr Zuhause mit unserer luxuri\u00f6sen Textilkollektion. Kollektion ansehen Umgeben Sie sich mit Komfort und [&hellip;]","og_url":"https:\/\/mztextileworld.com\/en_us\/","article_publisher":"https:\/\/www.facebook.com\/mztextileworld\/","article_modified_time":"2025-05-16T08:39:50+00:00","og_image":[{"width":1280,"height":1280,"url":"https:\/\/mztextileworld.com\/wp-content\/uploads\/2024\/04\/4.jpeg","type":"image\/jpeg"}],"twitter_card":"summary_large_image","twitter_misc":{"Est. reading time":"4 minutes"},"schema":{"@context":"https:\/\/schema.org","@graph":[{"@type":"WebPage","@id":"https:\/\/mztextileworld.com\/","url":"https:\/\/mztextileworld.com\/","name":"Home -","isPartOf":{"@id":"https:\/\/mztextileworld.com\/#website"},"primaryImageOfPage":{"@id":"https:\/\/mztextileworld.com\/#primaryimage"},"image":{"@id":"https:\/\/mztextileworld.com\/#primaryimage"},"thumbnailUrl":"https:\/\/mztextileworld.com\/wp-content\/uploads\/2024\/04\/4-1024x1024.jpeg","datePublished":"2019-01-23T06:31:06+00:00","dateModified":"2025-05-16T08:39:50+00:00","breadcrumb":{"@id":"https:\/\/mztextileworld.com\/#breadcrumb"},"inLanguage":"en-US","potentialAction":[{"@type":"ReadAction","target":["https:\/\/mztextileworld.com\/"]}]},{"@type":"ImageObject","inLanguage":"en-US","@id":"https:\/\/mztextileworld.com\/#primaryimage","url":"https:\/\/mztextileworld.com\/wp-content\/uploads\/2024\/04\/4-1024x1024.jpeg","contentUrl":"https:\/\/mztextileworld.com\/wp-content\/uploads\/2024\/04\/4-1024x1024.jpeg"},{"@type":"BreadcrumbList","@id":"https:\/\/mztextileworld.com\/#breadcrumb","itemListElement":[{"@type":"ListItem","position":1,"name":"Home","item":"https:\/\/mztextileworld.com\/"},{"@type":"ListItem","position":2,"name":"Home"}]},{"@type":"WebSite","@id":"https:\/\/mztextileworld.com\/#website","url":"https:\/\/mztextileworld.com\/","name":"www.mztextileworld.com","description":"","publisher":{"@id":"https:\/\/mztextileworld.com\/#organization"},"potentialAction":[{"@type":"SearchAction","target":{"@type":"EntryPoint","urlTemplate":"https:\/\/mztextileworld.com\/?s={search_term_string}"},"query-input":{"@type":"PropertyValueSpecification","valueRequired":true,"valueName":"search_term_string"}}],"inLanguage":"en-US"},{"@type":"Organization","@id":"https:\/\/mztextileworld.com\/#organization","name":"MZ Textile World","url":"https:\/\/mztextileworld.com\/","logo":{"@type":"ImageObject","inLanguage":"en-US","@id":"https:\/\/mztextileworld.com\/#\/schema\/logo\/image\/","url":"https:\/\/mztextileworld.com\/wp-content\/uploads\/2024\/02\/MZ-Textile-World_F1.png","contentUrl":"https:\/\/mztextileworld.com\/wp-content\/uploads\/2024\/02\/MZ-Textile-World_F1.png","width":885,"height":885,"caption":"MZ Textile World"},"image":{"@id":"https:\/\/mztextileworld.com\/#\/schema\/logo\/image\/"},"sameAs":["https:\/\/www.facebook.com\/mztextileworld\/","https:\/\/www.instagram.com\/mztextileworld\/#"]}]}},"jetpack_sharing_enabled":true,"_links":{"self":[{"href":"https:\/\/mztextileworld.com\/en_us\/wp-json\/wp\/v2\/pages\/1082","targetHints":{"allow":["GET"]}}],"collection":[{"href":"https:\/\/mztextileworld.com\/en_us\/wp-json\/wp\/v2\/pages"}],"about":[{"href":"https:\/\/mztextileworld.com\/en_us\/wp-json\/wp\/v2\/types\/page"}],"author":[{"embeddable":true,"href":"https:\/\/mztextileworld.com\/en_us\/wp-json\/wp\/v2\/users\/2"}],"replies":[{"embeddable":true,"href":"https:\/\/mztextileworld.com\/en_us\/wp-json\/wp\/v2\/comments?post=1082"}],"version-history":[{"count":196,"href":"https:\/\/mztextileworld.com\/en_us\/wp-json\/wp\/v2\/pages\/1082\/revisions"}],"predecessor-version":[{"id":2817,"href":"https:\/\/mztextileworld.com\/en_us\/wp-json\/wp\/v2\/pages\/1082\/revisions\/2817"}],"wp:attachment":[{"href":"https:\/\/mztextileworld.com\/en_us\/wp-json\/wp\/v2\/media?parent=1082"}],"curies":[{"name":"wp","href":"https:\/\/api.w.org\/{rel}","templated":true}]}}