{"id":1861,"date":"2024-02-23T11:20:54","date_gmt":"2024-02-23T11:20:54","guid":{"rendered":"https:\/\/locksmith.techtonicweb.com\/?post_type=product&#038;p=1861"},"modified":"2025-08-16T21:59:32","modified_gmt":"2025-08-16T21:59:32","slug":"matratzenschoner-wasserdicht-matratzenauflage-matratzenschutz-spannbettlaken","status":"publish","type":"product","link":"https:\/\/mztextileworld.com\/en_us\/product\/matratzenschoner-wasserdicht-matratzenauflage-matratzenschutz-spannbettlaken\/","title":{"rendered":"Matratzenschoner Wasserdicht Matratzenauflage Matratzenschutz Spannbettlaken"},"content":{"rendered":"<p><strong>Ultimativer Matratzenschutz<\/strong><br \/>\nSch\u00fctzen Sie Ihre Matratze vor Fl\u00fcssigkeiten, Schwei\u00df, Urin und anderen Verschmutzungen. Ideal f\u00fcr Kinder, Bettn\u00e4sser und Allergiker, unser Matratzenschoner h\u00e4lt Allergene wie Staub und Milben fern.<\/p>\n<p><strong>Hochwertiges &amp; Ger\u00e4uschloses Material<\/strong><br \/>\nGenie\u00dfen Sie einen ruhigen Schlaf ohne st\u00f6rende Ger\u00e4usche. Unser Matratzenschoner ist aus weichem, ger\u00e4uschlosem Material gefertigt, das f\u00fcr h\u00f6chsten Komfort sorgt.<\/p>\n<p><strong>\u00d6ko-Tex-Zertifiziert<\/strong><br \/>\nSicherheit und Umweltfreundlichkeit stehen bei uns an erster Stelle. Unser Produkt ist \u00d6ko-Tex-zertifiziert und frei von sch\u00e4dlichen Substanzen.<\/p>\n<p><strong>Einfache Pflege<\/strong><br \/>\nMaschinenwaschbar f\u00fcr eine unkomplizierte Reinigung. Dank des tiefen Taschen-Designs und des elastischen Rundumgummis bleibt unser Schoner perfekt auf jeder Matratze.<\/p>\n<p><strong>Langlebigkeit &amp; Geld-zur\u00fcck-Garantie<\/strong><br \/>\nVertrauen Sie auf die Qualit\u00e4t und Langlebigkeit unseres Produkts. Sollten Sie nicht vollst\u00e4ndig zufrieden sein, bieten wir eine Geld-zur\u00fcck-Garantie.<\/p>\n<p><strong>Stolz Hergestellt in Pakistan<\/strong><br \/>\nUnser wasserdichter Matratzenschoner vereint Qualit\u00e4t und Handwerkskunst aus Pakistan in einem Premium-Produkt.<\/p>\n<p><strong>Passend f\u00fcr matratzen bis zu 40 cm<\/strong><br \/>\nUnser Matratzenschoner ist f\u00fcr Matratzen mit einer H\u00f6he von 10 bis zu 40 cm geeignet, damit er perfekt auf Ihrer Matratze sitzt.<\/p>\n<p><strong>Abmessungen<\/strong><\/p>\n<p>60 x 200 + 20 cm<br \/>\n70 x 140 + 20 cm<br \/>\n80 x 200 + 40 cm<br \/>\n90 x 200 + 40 cm<br \/>\n100 x 200 + 40 cm<br \/>\n120 x 200 + 40 cm<br \/>\n140 x 200 + 40 cm<br \/>\n160 x 200 + 40 cm<br \/>\n180 x 200 + 40 cm<br \/>\n200 x 200 + 40 cm<\/p>","protected":false},"excerpt":{"rendered":"<p>Ultimativer Matratzenschutz Sch\u00fctzen Sie Ihre Matratze vor Fl\u00fcssigkeiten, Schwei\u00df, Urin und anderen Verschmutzungen. Ideal f\u00fcr Kinder, Bettn\u00e4sser und Allergiker, unser Matratzenschoner h\u00e4lt Allergene wie Staub und Milben fern. Hochwertiges &amp; Ger\u00e4uschloses Material Genie\u00dfen Sie einen ruhigen Schlaf ohne st\u00f6rende Ger\u00e4usche. Unser Matratzenschoner ist aus weichem, ger\u00e4uschlosem Material gefertigt, das f\u00fcr h\u00f6chsten Komfort sorgt. \u00d6ko-Tex-Zertifiziert Sicherheit [&hellip;]<\/p>\n","protected":false},"featured_media":2850,"comment_status":"open","ping_status":"closed","template":"","meta":{"site-sidebar-layout":"default","site-content-layout":"","ast-site-content-layout":"default","site-content-style":"default","site-sidebar-style":"default","ast-global-header-display":"","ast-banner-title-visibility":"","ast-main-header-display":"","ast-hfb-above-header-display":"","ast-hfb-below-header-display":"","ast-hfb-mobile-header-display":"","site-post-title":"","ast-breadcrumbs-content":"","ast-featured-img":"","footer-sml-layout":"","ast-disable-related-posts":"","theme-transparent-header-meta":"default","adv-header-id-meta":"","stick-header-meta":"","header-above-stick-meta":"","header-main-stick-meta":"","header-below-stick-meta":"","astra-migrate-meta-layouts":"set","ast-page-background-enabled":"default","ast-page-background-meta":{"desktop":{"background-color":"","background-image":"","background-repeat":"repeat","background-position":"center center","background-size":"auto","background-attachment":"scroll","background-type":"","background-media":"","overlay-type":"","overlay-color":"","overlay-opacity":"","overlay-gradient":""},"tablet":{"background-color":"","background-image":"","background-repeat":"repeat","background-position":"center center","background-size":"auto","background-attachment":"scroll","background-type":"","background-media":"","overlay-type":"","overlay-color":"","overlay-opacity":"","overlay-gradient":""},"mobile":{"background-color":"","background-image":"","background-repeat":"repeat","background-position":"center center","background-size":"auto","background-attachment":"scroll","background-type":"","background-media":"","overlay-type":"","overlay-color":"","overlay-opacity":"","overlay-gradient":""}},"ast-content-background-meta":{"desktop":{"background-color":"var(--ast-global-color-5)","background-image":"","background-repeat":"repeat","background-position":"center center","background-size":"auto","background-attachment":"scroll","background-type":"","background-media":"","overlay-type":"","overlay-color":"","overlay-opacity":"","overlay-gradient":""},"tablet":{"background-color":"var(--ast-global-color-5)","background-image":"","background-repeat":"repeat","background-position":"center center","background-size":"auto","background-attachment":"scroll","background-type":"","background-media":"","overlay-type":"","overlay-color":"","overlay-opacity":"","overlay-gradient":""},"mobile":{"background-color":"var(--ast-global-color-5)","background-image":"","background-repeat":"repeat","background-position":"center center","background-size":"auto","background-attachment":"scroll","background-type":"","background-media":"","overlay-type":"","overlay-color":"","overlay-opacity":"","overlay-gradient":""}}},"product_brand":[],"product_cat":[101,28],"product_tag":[],"class_list":{"0":"post-1861","1":"product","2":"type-product","3":"status-publish","4":"has-post-thumbnail","6":"product_cat-bestseller","7":"product_cat-matratzenschoner","8":"desktop-align-left","9":"tablet-align-left","10":"mobile-align-left","12":"first","13":"instock","14":"featured","15":"shipping-taxable","16":"purchasable","17":"product-type-variable","18":"has-default-attributes"},"yoast_head":"<!-- This site is optimized with the Yoast SEO plugin v27.5 - https:\/\/yoast.com\/product\/yoast-seo-wordpress\/ -->\n<title>Matratzenschoner Wasserdicht Matratzenauflage Matratzenschutz Spannbettlaken -<\/title>\n<meta name=\"robots\" content=\"index, follow, max-snippet:-1, max-image-preview:large, max-video-preview:-1\" \/>\n<link rel=\"canonical\" href=\"https:\/\/mztextileworld.com\/en_us\/product\/matratzenschoner-wasserdicht-matratzenauflage-matratzenschutz-spannbettlaken\/\" \/>\n<meta property=\"og:locale\" content=\"en_US\" \/>\n<meta property=\"og:type\" content=\"article\" \/>\n<meta property=\"og:title\" content=\"Matratzenschoner Wasserdicht Matratzenauflage Matratzenschutz Spannbettlaken -\" \/>\n<meta property=\"og:description\" content=\"Ultimativer Matratzenschutz Sch\u00fctzen Sie Ihre Matratze vor Fl\u00fcssigkeiten, Schwei\u00df, Urin und anderen Verschmutzungen. Ideal f\u00fcr Kinder, Bettn\u00e4sser und Allergiker, unser Matratzenschoner h\u00e4lt Allergene wie Staub und Milben fern. Hochwertiges &amp; Ger\u00e4uschloses Material Genie\u00dfen Sie einen ruhigen Schlaf ohne st\u00f6rende Ger\u00e4usche. Unser Matratzenschoner ist aus weichem, ger\u00e4uschlosem Material gefertigt, das f\u00fcr h\u00f6chsten Komfort sorgt. \u00d6ko-Tex-Zertifiziert Sicherheit [&hellip;]\" \/>\n<meta property=\"og:url\" content=\"https:\/\/mztextileworld.com\/en_us\/product\/matratzenschoner-wasserdicht-matratzenauflage-matratzenschutz-spannbettlaken\/\" \/>\n<meta property=\"article:publisher\" content=\"https:\/\/www.facebook.com\/mztextileworld\/\" \/>\n<meta property=\"article:modified_time\" content=\"2025-08-16T21:59:32+00:00\" \/>\n<meta property=\"og:image\" content=\"https:\/\/mztextileworld.com\/wp-content\/uploads\/2024\/02\/Matratzenschoner-Wasserdicht-1024x1024.png\" \/>\n\t<meta property=\"og:image:width\" content=\"1024\" \/>\n\t<meta property=\"og:image:height\" content=\"1024\" \/>\n\t<meta property=\"og:image:type\" content=\"image\/png\" \/>\n<meta name=\"twitter:card\" content=\"summary_large_image\" \/>\n<meta name=\"twitter:label1\" content=\"Est. reading time\" \/>\n\t<meta name=\"twitter:data1\" content=\"2 minutes\" \/>\n<script type=\"application\/ld+json\" class=\"yoast-schema-graph\">{\"@context\":\"https:\\\/\\\/schema.org\",\"@graph\":[{\"@type\":\"WebPage\",\"@id\":\"https:\\\/\\\/mztextileworld.com\\\/product\\\/matratzenschoner-wasserdicht-matratzenauflage-matratzenschutz-spannbettlaken\\\/\",\"url\":\"https:\\\/\\\/mztextileworld.com\\\/product\\\/matratzenschoner-wasserdicht-matratzenauflage-matratzenschutz-spannbettlaken\\\/\",\"name\":\"Matratzenschoner Wasserdicht Matratzenauflage Matratzenschutz Spannbettlaken -\",\"isPartOf\":{\"@id\":\"https:\\\/\\\/mztextileworld.com\\\/#website\"},\"primaryImageOfPage\":{\"@id\":\"https:\\\/\\\/mztextileworld.com\\\/product\\\/matratzenschoner-wasserdicht-matratzenauflage-matratzenschutz-spannbettlaken\\\/#primaryimage\"},\"image\":{\"@id\":\"https:\\\/\\\/mztextileworld.com\\\/product\\\/matratzenschoner-wasserdicht-matratzenauflage-matratzenschutz-spannbettlaken\\\/#primaryimage\"},\"thumbnailUrl\":\"https:\\\/\\\/mztextileworld.com\\\/wp-content\\\/uploads\\\/2024\\\/02\\\/Matratzenschoner-Wasserdicht.png\",\"datePublished\":\"2024-02-23T11:20:54+00:00\",\"dateModified\":\"2025-08-16T21:59:32+00:00\",\"breadcrumb\":{\"@id\":\"https:\\\/\\\/mztextileworld.com\\\/product\\\/matratzenschoner-wasserdicht-matratzenauflage-matratzenschutz-spannbettlaken\\\/#breadcrumb\"},\"inLanguage\":\"en-US\",\"potentialAction\":[{\"@type\":\"ReadAction\",\"target\":[\"https:\\\/\\\/mztextileworld.com\\\/product\\\/matratzenschoner-wasserdicht-matratzenauflage-matratzenschutz-spannbettlaken\\\/\"]}]},{\"@type\":\"ImageObject\",\"inLanguage\":\"en-US\",\"@id\":\"https:\\\/\\\/mztextileworld.com\\\/product\\\/matratzenschoner-wasserdicht-matratzenauflage-matratzenschutz-spannbettlaken\\\/#primaryimage\",\"url\":\"https:\\\/\\\/mztextileworld.com\\\/wp-content\\\/uploads\\\/2024\\\/02\\\/Matratzenschoner-Wasserdicht.png\",\"contentUrl\":\"https:\\\/\\\/mztextileworld.com\\\/wp-content\\\/uploads\\\/2024\\\/02\\\/Matratzenschoner-Wasserdicht.png\",\"width\":3000,\"height\":3000},{\"@type\":\"BreadcrumbList\",\"@id\":\"https:\\\/\\\/mztextileworld.com\\\/product\\\/matratzenschoner-wasserdicht-matratzenauflage-matratzenschutz-spannbettlaken\\\/#breadcrumb\",\"itemListElement\":[{\"@type\":\"ListItem\",\"position\":1,\"name\":\"Home\",\"item\":\"https:\\\/\\\/mztextileworld.com\\\/\"},{\"@type\":\"ListItem\",\"position\":2,\"name\":\"Shop\",\"item\":\"https:\\\/\\\/mztextileworld.com\\\/en_us\\\/shop\\\/\"},{\"@type\":\"ListItem\",\"position\":3,\"name\":\"Matratzenschoner Wasserdicht Matratzenauflage Matratzenschutz Spannbettlaken\"}]},{\"@type\":\"WebSite\",\"@id\":\"https:\\\/\\\/mztextileworld.com\\\/#website\",\"url\":\"https:\\\/\\\/mztextileworld.com\\\/\",\"name\":\"www.mztextileworld.com\",\"description\":\"\",\"publisher\":{\"@id\":\"https:\\\/\\\/mztextileworld.com\\\/#organization\"},\"potentialAction\":[{\"@type\":\"SearchAction\",\"target\":{\"@type\":\"EntryPoint\",\"urlTemplate\":\"https:\\\/\\\/mztextileworld.com\\\/?s={search_term_string}\"},\"query-input\":{\"@type\":\"PropertyValueSpecification\",\"valueRequired\":true,\"valueName\":\"search_term_string\"}}],\"inLanguage\":\"en-US\"},{\"@type\":\"Organization\",\"@id\":\"https:\\\/\\\/mztextileworld.com\\\/#organization\",\"name\":\"MZ Textile World\",\"url\":\"https:\\\/\\\/mztextileworld.com\\\/\",\"logo\":{\"@type\":\"ImageObject\",\"inLanguage\":\"en-US\",\"@id\":\"https:\\\/\\\/mztextileworld.com\\\/#\\\/schema\\\/logo\\\/image\\\/\",\"url\":\"https:\\\/\\\/mztextileworld.com\\\/wp-content\\\/uploads\\\/2024\\\/02\\\/MZ-Textile-World_F1.png\",\"contentUrl\":\"https:\\\/\\\/mztextileworld.com\\\/wp-content\\\/uploads\\\/2024\\\/02\\\/MZ-Textile-World_F1.png\",\"width\":885,\"height\":885,\"caption\":\"MZ Textile World\"},\"image\":{\"@id\":\"https:\\\/\\\/mztextileworld.com\\\/#\\\/schema\\\/logo\\\/image\\\/\"},\"sameAs\":[\"https:\\\/\\\/www.facebook.com\\\/mztextileworld\\\/\",\"https:\\\/\\\/www.instagram.com\\\/mztextileworld\\\/#\"]}]}<\/script>\n<!-- \/ Yoast SEO plugin. -->","yoast_head_json":{"title":"Matratzenschoner Wasserdicht Matratzenauflage Matratzenschutz Spannbettlaken -","robots":{"index":"index","follow":"follow","max-snippet":"max-snippet:-1","max-image-preview":"max-image-preview:large","max-video-preview":"max-video-preview:-1"},"canonical":"https:\/\/mztextileworld.com\/en_us\/product\/matratzenschoner-wasserdicht-matratzenauflage-matratzenschutz-spannbettlaken\/","og_locale":"en_US","og_type":"article","og_title":"Matratzenschoner Wasserdicht Matratzenauflage Matratzenschutz Spannbettlaken -","og_description":"Ultimativer Matratzenschutz Sch\u00fctzen Sie Ihre Matratze vor Fl\u00fcssigkeiten, Schwei\u00df, Urin und anderen Verschmutzungen. Ideal f\u00fcr Kinder, Bettn\u00e4sser und Allergiker, unser Matratzenschoner h\u00e4lt Allergene wie Staub und Milben fern. Hochwertiges &amp; Ger\u00e4uschloses Material Genie\u00dfen Sie einen ruhigen Schlaf ohne st\u00f6rende Ger\u00e4usche. Unser Matratzenschoner ist aus weichem, ger\u00e4uschlosem Material gefertigt, das f\u00fcr h\u00f6chsten Komfort sorgt. \u00d6ko-Tex-Zertifiziert Sicherheit [&hellip;]","og_url":"https:\/\/mztextileworld.com\/en_us\/product\/matratzenschoner-wasserdicht-matratzenauflage-matratzenschutz-spannbettlaken\/","article_publisher":"https:\/\/www.facebook.com\/mztextileworld\/","article_modified_time":"2025-08-16T21:59:32+00:00","og_image":[{"width":1024,"height":1024,"url":"https:\/\/mztextileworld.com\/wp-content\/uploads\/2024\/02\/Matratzenschoner-Wasserdicht-1024x1024.png","type":"image\/png"}],"twitter_card":"summary_large_image","twitter_misc":{"Est. reading time":"2 minutes"},"schema":{"@context":"https:\/\/schema.org","@graph":[{"@type":"WebPage","@id":"https:\/\/mztextileworld.com\/product\/matratzenschoner-wasserdicht-matratzenauflage-matratzenschutz-spannbettlaken\/","url":"https:\/\/mztextileworld.com\/product\/matratzenschoner-wasserdicht-matratzenauflage-matratzenschutz-spannbettlaken\/","name":"Matratzenschoner Wasserdicht Matratzenauflage Matratzenschutz Spannbettlaken -","isPartOf":{"@id":"https:\/\/mztextileworld.com\/#website"},"primaryImageOfPage":{"@id":"https:\/\/mztextileworld.com\/product\/matratzenschoner-wasserdicht-matratzenauflage-matratzenschutz-spannbettlaken\/#primaryimage"},"image":{"@id":"https:\/\/mztextileworld.com\/product\/matratzenschoner-wasserdicht-matratzenauflage-matratzenschutz-spannbettlaken\/#primaryimage"},"thumbnailUrl":"https:\/\/mztextileworld.com\/wp-content\/uploads\/2024\/02\/Matratzenschoner-Wasserdicht.png","datePublished":"2024-02-23T11:20:54+00:00","dateModified":"2025-08-16T21:59:32+00:00","breadcrumb":{"@id":"https:\/\/mztextileworld.com\/product\/matratzenschoner-wasserdicht-matratzenauflage-matratzenschutz-spannbettlaken\/#breadcrumb"},"inLanguage":"en-US","potentialAction":[{"@type":"ReadAction","target":["https:\/\/mztextileworld.com\/product\/matratzenschoner-wasserdicht-matratzenauflage-matratzenschutz-spannbettlaken\/"]}]},{"@type":"ImageObject","inLanguage":"en-US","@id":"https:\/\/mztextileworld.com\/product\/matratzenschoner-wasserdicht-matratzenauflage-matratzenschutz-spannbettlaken\/#primaryimage","url":"https:\/\/mztextileworld.com\/wp-content\/uploads\/2024\/02\/Matratzenschoner-Wasserdicht.png","contentUrl":"https:\/\/mztextileworld.com\/wp-content\/uploads\/2024\/02\/Matratzenschoner-Wasserdicht.png","width":3000,"height":3000},{"@type":"BreadcrumbList","@id":"https:\/\/mztextileworld.com\/product\/matratzenschoner-wasserdicht-matratzenauflage-matratzenschutz-spannbettlaken\/#breadcrumb","itemListElement":[{"@type":"ListItem","position":1,"name":"Home","item":"https:\/\/mztextileworld.com\/"},{"@type":"ListItem","position":2,"name":"Shop","item":"https:\/\/mztextileworld.com\/en_us\/shop\/"},{"@type":"ListItem","position":3,"name":"Matratzenschoner Wasserdicht Matratzenauflage Matratzenschutz Spannbettlaken"}]},{"@type":"WebSite","@id":"https:\/\/mztextileworld.com\/#website","url":"https:\/\/mztextileworld.com\/","name":"www.mztextileworld.com","description":"","publisher":{"@id":"https:\/\/mztextileworld.com\/#organization"},"potentialAction":[{"@type":"SearchAction","target":{"@type":"EntryPoint","urlTemplate":"https:\/\/mztextileworld.com\/?s={search_term_string}"},"query-input":{"@type":"PropertyValueSpecification","valueRequired":true,"valueName":"search_term_string"}}],"inLanguage":"en-US"},{"@type":"Organization","@id":"https:\/\/mztextileworld.com\/#organization","name":"MZ Textile World","url":"https:\/\/mztextileworld.com\/","logo":{"@type":"ImageObject","inLanguage":"en-US","@id":"https:\/\/mztextileworld.com\/#\/schema\/logo\/image\/","url":"https:\/\/mztextileworld.com\/wp-content\/uploads\/2024\/02\/MZ-Textile-World_F1.png","contentUrl":"https:\/\/mztextileworld.com\/wp-content\/uploads\/2024\/02\/MZ-Textile-World_F1.png","width":885,"height":885,"caption":"MZ Textile World"},"image":{"@id":"https:\/\/mztextileworld.com\/#\/schema\/logo\/image\/"},"sameAs":["https:\/\/www.facebook.com\/mztextileworld\/","https:\/\/www.instagram.com\/mztextileworld\/#"]}]}},"jetpack_sharing_enabled":true,"_links":{"self":[{"href":"https:\/\/mztextileworld.com\/en_us\/wp-json\/wp\/v2\/product\/1861","targetHints":{"allow":["GET"]}}],"collection":[{"href":"https:\/\/mztextileworld.com\/en_us\/wp-json\/wp\/v2\/product"}],"about":[{"href":"https:\/\/mztextileworld.com\/en_us\/wp-json\/wp\/v2\/types\/product"}],"replies":[{"embeddable":true,"href":"https:\/\/mztextileworld.com\/en_us\/wp-json\/wp\/v2\/comments?post=1861"}],"wp:featuredmedia":[{"embeddable":true,"href":"https:\/\/mztextileworld.com\/en_us\/wp-json\/wp\/v2\/media\/2850"}],"wp:attachment":[{"href":"https:\/\/mztextileworld.com\/en_us\/wp-json\/wp\/v2\/media?parent=1861"}],"wp:term":[{"taxonomy":"product_brand","embeddable":true,"href":"https:\/\/mztextileworld.com\/en_us\/wp-json\/wp\/v2\/product_brand?post=1861"},{"taxonomy":"product_cat","embeddable":true,"href":"https:\/\/mztextileworld.com\/en_us\/wp-json\/wp\/v2\/product_cat?post=1861"},{"taxonomy":"product_tag","embeddable":true,"href":"https:\/\/mztextileworld.com\/en_us\/wp-json\/wp\/v2\/product_tag?post=1861"}],"curies":[{"name":"wp","href":"https:\/\/api.w.org\/{rel}","templated":true}]}}