{"id":1887,"date":"2024-02-23T14:46:53","date_gmt":"2024-02-23T14:46:53","guid":{"rendered":"https:\/\/locksmith.techtonicweb.com\/?post_type=product&#038;p=1887"},"modified":"2026-02-21T15:39:28","modified_gmt":"2026-02-21T15:39:28","slug":"bettwasche-135x200-cm-3-teilig-100-baumwolle-satin-bettbezug-mit-reisverschluss","status":"publish","type":"product","link":"https:\/\/mztextileworld.com\/en_us\/product\/bettwasche-135x200-cm-3-teilig-100-baumwolle-satin-bettbezug-mit-reisverschluss\/","title":{"rendered":"Bettw\u00e4sche 135&#215;200 cm 3 teilig 100% Baumwolle Satin Bettbezug mit Rei\u00dfverschluss"},"content":{"rendered":"<p>Verbessern Sie Ihr Schlaferlebnis mit unserem hochwertigen 3-teiligen Baumwoll-Satin Bettw\u00e4scheset. Hergestellt aus hochwertiger 100% Baumwolle Satin, garantiert dieses Set ultimativen Komfort und verleiht Ihrem Schlafzimmer Stil.<\/p>\n<p><strong>Hauptmerkmale<\/strong><\/p>\n<p><strong>Premium-Qualit\u00e4t:<\/strong>\u00a0Erleben Sie die Weichheit und Langlebigkeit von 100% Baumwolle Satin, entworfen f\u00fcr Komfort das ganze Jahr \u00fcber.<\/p>\n<p><strong>Komplette Bettw\u00e4sche-L\u00f6sung:<\/strong>\u00a0Dieses Set enth\u00e4lt einen 135&#215;200 cm Bettbezug, einen 80&#215;80 cm Kissenbezug und einen 80&#215;40 cm Kissenbezug und ist somit die perfekte All-in-One-L\u00f6sung f\u00fcr Ihr Bett.<\/p>\n<p><strong>Elegantes Design:<\/strong>\u00a0Unser Baumwoll-Satin-Stoff bietet einen dezenten Glanz und verleiht jedem Schlafzimmerdekor eine elegante Note.<\/p>\n<p><strong>Einfache Pflege:<\/strong>\u00a0Maschinenwaschbar und einfach zu pflegen, beh\u00e4lt dieses Bettw\u00e4scheset auch nach mehreren Waschg\u00e4ngen seine Weichheit und Farbe bei.<\/p>\n<p><strong>Sicherer und ordentlicher Verschluss:<\/strong>\u00a0Der Bettbezug verf\u00fcgt \u00fcber einen versteckten Rei\u00dfverschluss, der sicherstellt, dass Ihre Bettdecke an Ort und Stelle bleibt. Die Kissenbez\u00fcge haben Umschlagverschl\u00fcsse f\u00fcr ein ordentliches Erscheinungsbild.<\/p>\n<p><strong>Spezifikationen<\/strong><\/p>\n<ul>\n<li>Bettbezug Gr\u00f6\u00dfe: 135&#215;200 cm<\/li>\n<li>Kissenbezug Gr\u00f6\u00dfe: 80&#215;80 cm (1 enthalten), 80&#215;40 cm (1 enthalten)<\/li>\n<li>Material: 100% Baumwolle Satin<\/li>\n<li>Fadenzahl: 220 TC<\/li>\n<\/ul>\n<p><strong>Lieferumfang<\/strong><\/p>\n<ul>\n<li>1 x Bettbezug<\/li>\n<li>1 x Kissenbezug (80&#215;80 cm)<\/li>\n<li>1 x Kissenbezug (80&#215;40 cm)<\/li>\n<\/ul>\n<p><strong>Pflegehinweise<\/strong><\/p>\n<p>Maschinenw\u00e4sche kalt, Schonwaschgang, bei Bedarf bei niedriger Hitze b\u00fcgeln.<\/p>","protected":false},"excerpt":{"rendered":"<p>Verbessern Sie Ihr Schlaferlebnis mit unserem hochwertigen 3-teiligen Baumwoll-Satin Bettw\u00e4scheset. Hergestellt aus hochwertiger 100% Baumwolle Satin, garantiert dieses Set ultimativen Komfort und verleiht Ihrem Schlafzimmer Stil. Hauptmerkmale Premium-Qualit\u00e4t:\u00a0Erleben Sie die Weichheit und Langlebigkeit von 100% Baumwolle Satin, entworfen f\u00fcr Komfort das ganze Jahr \u00fcber. Komplette Bettw\u00e4sche-L\u00f6sung:\u00a0Dieses Set enth\u00e4lt einen 135&#215;200 cm Bettbezug, einen 80&#215;80 cm [&hellip;]<\/p>\n","protected":false},"featured_media":2853,"comment_status":"open","ping_status":"closed","template":"","meta":{"site-sidebar-layout":"default","site-content-layout":"","ast-site-content-layout":"default","site-content-style":"default","site-sidebar-style":"default","ast-global-header-display":"","ast-banner-title-visibility":"","ast-main-header-display":"","ast-hfb-above-header-display":"","ast-hfb-below-header-display":"","ast-hfb-mobile-header-display":"","site-post-title":"","ast-breadcrumbs-content":"","ast-featured-img":"","footer-sml-layout":"","ast-disable-related-posts":"","theme-transparent-header-meta":"default","adv-header-id-meta":"","stick-header-meta":"","header-above-stick-meta":"","header-main-stick-meta":"","header-below-stick-meta":"","astra-migrate-meta-layouts":"set","ast-page-background-enabled":"default","ast-page-background-meta":{"desktop":{"background-color":"","background-image":"","background-repeat":"repeat","background-position":"center center","background-size":"auto","background-attachment":"scroll","background-type":"","background-media":"","overlay-type":"","overlay-color":"","overlay-opacity":"","overlay-gradient":""},"tablet":{"background-color":"","background-image":"","background-repeat":"repeat","background-position":"center center","background-size":"auto","background-attachment":"scroll","background-type":"","background-media":"","overlay-type":"","overlay-color":"","overlay-opacity":"","overlay-gradient":""},"mobile":{"background-color":"","background-image":"","background-repeat":"repeat","background-position":"center center","background-size":"auto","background-attachment":"scroll","background-type":"","background-media":"","overlay-type":"","overlay-color":"","overlay-opacity":"","overlay-gradient":""}},"ast-content-background-meta":{"desktop":{"background-color":"var(--ast-global-color-5)","background-image":"","background-repeat":"repeat","background-position":"center center","background-size":"auto","background-attachment":"scroll","background-type":"","background-media":"","overlay-type":"","overlay-color":"","overlay-opacity":"","overlay-gradient":""},"tablet":{"background-color":"var(--ast-global-color-5)","background-image":"","background-repeat":"repeat","background-position":"center center","background-size":"auto","background-attachment":"scroll","background-type":"","background-media":"","overlay-type":"","overlay-color":"","overlay-opacity":"","overlay-gradient":""},"mobile":{"background-color":"var(--ast-global-color-5)","background-image":"","background-repeat":"repeat","background-position":"center center","background-size":"auto","background-attachment":"scroll","background-type":"","background-media":"","overlay-type":"","overlay-color":"","overlay-opacity":"","overlay-gradient":""}}},"product_brand":[],"product_cat":[101,34],"product_tag":[],"class_list":{"0":"post-1887","1":"product","2":"type-product","3":"status-publish","4":"has-post-thumbnail","6":"product_cat-bestseller","7":"product_cat-bettwasche","8":"desktop-align-left","9":"tablet-align-left","10":"mobile-align-left","12":"first","13":"instock","14":"featured","15":"shipping-taxable","16":"purchasable","17":"product-type-variable","18":"has-default-attributes"},"yoast_head":"<!-- This site is optimized with the Yoast SEO plugin v27.5 - https:\/\/yoast.com\/product\/yoast-seo-wordpress\/ -->\n<title>Bettw\u00e4sche 135x200 cm 3 teilig 100% Baumwolle Satin Bettbezug mit Rei\u00dfverschluss -<\/title>\n<meta name=\"robots\" content=\"index, follow, max-snippet:-1, max-image-preview:large, max-video-preview:-1\" \/>\n<link rel=\"canonical\" href=\"https:\/\/mztextileworld.com\/en_us\/product\/bettwasche-135x200-cm-3-teilig-100-baumwolle-satin-bettbezug-mit-reisverschluss\/\" \/>\n<meta property=\"og:locale\" content=\"en_US\" \/>\n<meta property=\"og:type\" content=\"article\" \/>\n<meta property=\"og:title\" content=\"Bettw\u00e4sche 135x200 cm 3 teilig 100% Baumwolle Satin Bettbezug mit Rei\u00dfverschluss -\" \/>\n<meta property=\"og:description\" content=\"Verbessern Sie Ihr Schlaferlebnis mit unserem hochwertigen 3-teiligen Baumwoll-Satin Bettw\u00e4scheset. Hergestellt aus hochwertiger 100% Baumwolle Satin, garantiert dieses Set ultimativen Komfort und verleiht Ihrem Schlafzimmer Stil. Hauptmerkmale Premium-Qualit\u00e4t:\u00a0Erleben Sie die Weichheit und Langlebigkeit von 100% Baumwolle Satin, entworfen f\u00fcr Komfort das ganze Jahr \u00fcber. Komplette Bettw\u00e4sche-L\u00f6sung:\u00a0Dieses Set enth\u00e4lt einen 135&#215;200 cm Bettbezug, einen 80&#215;80 cm [&hellip;]\" \/>\n<meta property=\"og:url\" content=\"https:\/\/mztextileworld.com\/en_us\/product\/bettwasche-135x200-cm-3-teilig-100-baumwolle-satin-bettbezug-mit-reisverschluss\/\" \/>\n<meta property=\"article:publisher\" content=\"https:\/\/www.facebook.com\/mztextileworld\/\" \/>\n<meta property=\"article:modified_time\" content=\"2026-02-21T15:39:28+00:00\" \/>\n<meta property=\"og:image\" content=\"https:\/\/mztextileworld.com\/wp-content\/uploads\/2024\/02\/Bettwaesche_Baumwolle-1024x1024.png\" \/>\n\t<meta property=\"og:image:width\" content=\"1024\" \/>\n\t<meta property=\"og:image:height\" content=\"1024\" \/>\n\t<meta property=\"og:image:type\" content=\"image\/png\" \/>\n<meta name=\"twitter:card\" content=\"summary_large_image\" \/>\n<meta name=\"twitter:label1\" content=\"Est. reading time\" \/>\n\t<meta name=\"twitter:data1\" content=\"2 minutes\" \/>\n<script type=\"application\/ld+json\" class=\"yoast-schema-graph\">{\"@context\":\"https:\\\/\\\/schema.org\",\"@graph\":[{\"@type\":\"WebPage\",\"@id\":\"https:\\\/\\\/mztextileworld.com\\\/product\\\/bettwasche-135x200-cm-3-teilig-100-baumwolle-satin-bettbezug-mit-reisverschluss\\\/\",\"url\":\"https:\\\/\\\/mztextileworld.com\\\/product\\\/bettwasche-135x200-cm-3-teilig-100-baumwolle-satin-bettbezug-mit-reisverschluss\\\/\",\"name\":\"Bettw\u00e4sche 135x200 cm 3 teilig 100% Baumwolle Satin Bettbezug mit Rei\u00dfverschluss -\",\"isPartOf\":{\"@id\":\"https:\\\/\\\/mztextileworld.com\\\/#website\"},\"primaryImageOfPage\":{\"@id\":\"https:\\\/\\\/mztextileworld.com\\\/product\\\/bettwasche-135x200-cm-3-teilig-100-baumwolle-satin-bettbezug-mit-reisverschluss\\\/#primaryimage\"},\"image\":{\"@id\":\"https:\\\/\\\/mztextileworld.com\\\/product\\\/bettwasche-135x200-cm-3-teilig-100-baumwolle-satin-bettbezug-mit-reisverschluss\\\/#primaryimage\"},\"thumbnailUrl\":\"https:\\\/\\\/mztextileworld.com\\\/wp-content\\\/uploads\\\/2024\\\/02\\\/Bettwaesche_Baumwolle.png\",\"datePublished\":\"2024-02-23T14:46:53+00:00\",\"dateModified\":\"2026-02-21T15:39:28+00:00\",\"breadcrumb\":{\"@id\":\"https:\\\/\\\/mztextileworld.com\\\/product\\\/bettwasche-135x200-cm-3-teilig-100-baumwolle-satin-bettbezug-mit-reisverschluss\\\/#breadcrumb\"},\"inLanguage\":\"en-US\",\"potentialAction\":[{\"@type\":\"ReadAction\",\"target\":[\"https:\\\/\\\/mztextileworld.com\\\/product\\\/bettwasche-135x200-cm-3-teilig-100-baumwolle-satin-bettbezug-mit-reisverschluss\\\/\"]}]},{\"@type\":\"ImageObject\",\"inLanguage\":\"en-US\",\"@id\":\"https:\\\/\\\/mztextileworld.com\\\/product\\\/bettwasche-135x200-cm-3-teilig-100-baumwolle-satin-bettbezug-mit-reisverschluss\\\/#primaryimage\",\"url\":\"https:\\\/\\\/mztextileworld.com\\\/wp-content\\\/uploads\\\/2024\\\/02\\\/Bettwaesche_Baumwolle.png\",\"contentUrl\":\"https:\\\/\\\/mztextileworld.com\\\/wp-content\\\/uploads\\\/2024\\\/02\\\/Bettwaesche_Baumwolle.png\",\"width\":3000,\"height\":3000},{\"@type\":\"BreadcrumbList\",\"@id\":\"https:\\\/\\\/mztextileworld.com\\\/product\\\/bettwasche-135x200-cm-3-teilig-100-baumwolle-satin-bettbezug-mit-reisverschluss\\\/#breadcrumb\",\"itemListElement\":[{\"@type\":\"ListItem\",\"position\":1,\"name\":\"Home\",\"item\":\"https:\\\/\\\/mztextileworld.com\\\/\"},{\"@type\":\"ListItem\",\"position\":2,\"name\":\"Shop\",\"item\":\"https:\\\/\\\/mztextileworld.com\\\/en_us\\\/shop\\\/\"},{\"@type\":\"ListItem\",\"position\":3,\"name\":\"Bettw\u00e4sche 135&#215;200 cm 3 teilig 100% Baumwolle Satin Bettbezug mit Rei\u00dfverschluss\"}]},{\"@type\":\"WebSite\",\"@id\":\"https:\\\/\\\/mztextileworld.com\\\/#website\",\"url\":\"https:\\\/\\\/mztextileworld.com\\\/\",\"name\":\"www.mztextileworld.com\",\"description\":\"\",\"publisher\":{\"@id\":\"https:\\\/\\\/mztextileworld.com\\\/#organization\"},\"potentialAction\":[{\"@type\":\"SearchAction\",\"target\":{\"@type\":\"EntryPoint\",\"urlTemplate\":\"https:\\\/\\\/mztextileworld.com\\\/?s={search_term_string}\"},\"query-input\":{\"@type\":\"PropertyValueSpecification\",\"valueRequired\":true,\"valueName\":\"search_term_string\"}}],\"inLanguage\":\"en-US\"},{\"@type\":\"Organization\",\"@id\":\"https:\\\/\\\/mztextileworld.com\\\/#organization\",\"name\":\"MZ Textile World\",\"url\":\"https:\\\/\\\/mztextileworld.com\\\/\",\"logo\":{\"@type\":\"ImageObject\",\"inLanguage\":\"en-US\",\"@id\":\"https:\\\/\\\/mztextileworld.com\\\/#\\\/schema\\\/logo\\\/image\\\/\",\"url\":\"https:\\\/\\\/mztextileworld.com\\\/wp-content\\\/uploads\\\/2024\\\/02\\\/MZ-Textile-World_F1.png\",\"contentUrl\":\"https:\\\/\\\/mztextileworld.com\\\/wp-content\\\/uploads\\\/2024\\\/02\\\/MZ-Textile-World_F1.png\",\"width\":885,\"height\":885,\"caption\":\"MZ Textile World\"},\"image\":{\"@id\":\"https:\\\/\\\/mztextileworld.com\\\/#\\\/schema\\\/logo\\\/image\\\/\"},\"sameAs\":[\"https:\\\/\\\/www.facebook.com\\\/mztextileworld\\\/\",\"https:\\\/\\\/www.instagram.com\\\/mztextileworld\\\/#\"]}]}<\/script>\n<!-- \/ Yoast SEO plugin. -->","yoast_head_json":{"title":"Bettw\u00e4sche 135x200 cm 3 teilig 100% Baumwolle Satin Bettbezug mit Rei\u00dfverschluss -","robots":{"index":"index","follow":"follow","max-snippet":"max-snippet:-1","max-image-preview":"max-image-preview:large","max-video-preview":"max-video-preview:-1"},"canonical":"https:\/\/mztextileworld.com\/en_us\/product\/bettwasche-135x200-cm-3-teilig-100-baumwolle-satin-bettbezug-mit-reisverschluss\/","og_locale":"en_US","og_type":"article","og_title":"Bettw\u00e4sche 135x200 cm 3 teilig 100% Baumwolle Satin Bettbezug mit Rei\u00dfverschluss -","og_description":"Verbessern Sie Ihr Schlaferlebnis mit unserem hochwertigen 3-teiligen Baumwoll-Satin Bettw\u00e4scheset. Hergestellt aus hochwertiger 100% Baumwolle Satin, garantiert dieses Set ultimativen Komfort und verleiht Ihrem Schlafzimmer Stil. Hauptmerkmale Premium-Qualit\u00e4t:\u00a0Erleben Sie die Weichheit und Langlebigkeit von 100% Baumwolle Satin, entworfen f\u00fcr Komfort das ganze Jahr \u00fcber. Komplette Bettw\u00e4sche-L\u00f6sung:\u00a0Dieses Set enth\u00e4lt einen 135&#215;200 cm Bettbezug, einen 80&#215;80 cm [&hellip;]","og_url":"https:\/\/mztextileworld.com\/en_us\/product\/bettwasche-135x200-cm-3-teilig-100-baumwolle-satin-bettbezug-mit-reisverschluss\/","article_publisher":"https:\/\/www.facebook.com\/mztextileworld\/","article_modified_time":"2026-02-21T15:39:28+00:00","og_image":[{"width":1024,"height":1024,"url":"https:\/\/mztextileworld.com\/wp-content\/uploads\/2024\/02\/Bettwaesche_Baumwolle-1024x1024.png","type":"image\/png"}],"twitter_card":"summary_large_image","twitter_misc":{"Est. reading time":"2 minutes"},"schema":{"@context":"https:\/\/schema.org","@graph":[{"@type":"WebPage","@id":"https:\/\/mztextileworld.com\/product\/bettwasche-135x200-cm-3-teilig-100-baumwolle-satin-bettbezug-mit-reisverschluss\/","url":"https:\/\/mztextileworld.com\/product\/bettwasche-135x200-cm-3-teilig-100-baumwolle-satin-bettbezug-mit-reisverschluss\/","name":"Bettw\u00e4sche 135x200 cm 3 teilig 100% Baumwolle Satin Bettbezug mit Rei\u00dfverschluss -","isPartOf":{"@id":"https:\/\/mztextileworld.com\/#website"},"primaryImageOfPage":{"@id":"https:\/\/mztextileworld.com\/product\/bettwasche-135x200-cm-3-teilig-100-baumwolle-satin-bettbezug-mit-reisverschluss\/#primaryimage"},"image":{"@id":"https:\/\/mztextileworld.com\/product\/bettwasche-135x200-cm-3-teilig-100-baumwolle-satin-bettbezug-mit-reisverschluss\/#primaryimage"},"thumbnailUrl":"https:\/\/mztextileworld.com\/wp-content\/uploads\/2024\/02\/Bettwaesche_Baumwolle.png","datePublished":"2024-02-23T14:46:53+00:00","dateModified":"2026-02-21T15:39:28+00:00","breadcrumb":{"@id":"https:\/\/mztextileworld.com\/product\/bettwasche-135x200-cm-3-teilig-100-baumwolle-satin-bettbezug-mit-reisverschluss\/#breadcrumb"},"inLanguage":"en-US","potentialAction":[{"@type":"ReadAction","target":["https:\/\/mztextileworld.com\/product\/bettwasche-135x200-cm-3-teilig-100-baumwolle-satin-bettbezug-mit-reisverschluss\/"]}]},{"@type":"ImageObject","inLanguage":"en-US","@id":"https:\/\/mztextileworld.com\/product\/bettwasche-135x200-cm-3-teilig-100-baumwolle-satin-bettbezug-mit-reisverschluss\/#primaryimage","url":"https:\/\/mztextileworld.com\/wp-content\/uploads\/2024\/02\/Bettwaesche_Baumwolle.png","contentUrl":"https:\/\/mztextileworld.com\/wp-content\/uploads\/2024\/02\/Bettwaesche_Baumwolle.png","width":3000,"height":3000},{"@type":"BreadcrumbList","@id":"https:\/\/mztextileworld.com\/product\/bettwasche-135x200-cm-3-teilig-100-baumwolle-satin-bettbezug-mit-reisverschluss\/#breadcrumb","itemListElement":[{"@type":"ListItem","position":1,"name":"Home","item":"https:\/\/mztextileworld.com\/"},{"@type":"ListItem","position":2,"name":"Shop","item":"https:\/\/mztextileworld.com\/en_us\/shop\/"},{"@type":"ListItem","position":3,"name":"Bettw\u00e4sche 135&#215;200 cm 3 teilig 100% Baumwolle Satin Bettbezug mit Rei\u00dfverschluss"}]},{"@type":"WebSite","@id":"https:\/\/mztextileworld.com\/#website","url":"https:\/\/mztextileworld.com\/","name":"www.mztextileworld.com","description":"","publisher":{"@id":"https:\/\/mztextileworld.com\/#organization"},"potentialAction":[{"@type":"SearchAction","target":{"@type":"EntryPoint","urlTemplate":"https:\/\/mztextileworld.com\/?s={search_term_string}"},"query-input":{"@type":"PropertyValueSpecification","valueRequired":true,"valueName":"search_term_string"}}],"inLanguage":"en-US"},{"@type":"Organization","@id":"https:\/\/mztextileworld.com\/#organization","name":"MZ Textile World","url":"https:\/\/mztextileworld.com\/","logo":{"@type":"ImageObject","inLanguage":"en-US","@id":"https:\/\/mztextileworld.com\/#\/schema\/logo\/image\/","url":"https:\/\/mztextileworld.com\/wp-content\/uploads\/2024\/02\/MZ-Textile-World_F1.png","contentUrl":"https:\/\/mztextileworld.com\/wp-content\/uploads\/2024\/02\/MZ-Textile-World_F1.png","width":885,"height":885,"caption":"MZ Textile World"},"image":{"@id":"https:\/\/mztextileworld.com\/#\/schema\/logo\/image\/"},"sameAs":["https:\/\/www.facebook.com\/mztextileworld\/","https:\/\/www.instagram.com\/mztextileworld\/#"]}]}},"jetpack_sharing_enabled":true,"_links":{"self":[{"href":"https:\/\/mztextileworld.com\/en_us\/wp-json\/wp\/v2\/product\/1887","targetHints":{"allow":["GET"]}}],"collection":[{"href":"https:\/\/mztextileworld.com\/en_us\/wp-json\/wp\/v2\/product"}],"about":[{"href":"https:\/\/mztextileworld.com\/en_us\/wp-json\/wp\/v2\/types\/product"}],"replies":[{"embeddable":true,"href":"https:\/\/mztextileworld.com\/en_us\/wp-json\/wp\/v2\/comments?post=1887"}],"wp:featuredmedia":[{"embeddable":true,"href":"https:\/\/mztextileworld.com\/en_us\/wp-json\/wp\/v2\/media\/2853"}],"wp:attachment":[{"href":"https:\/\/mztextileworld.com\/en_us\/wp-json\/wp\/v2\/media?parent=1887"}],"wp:term":[{"taxonomy":"product_brand","embeddable":true,"href":"https:\/\/mztextileworld.com\/en_us\/wp-json\/wp\/v2\/product_brand?post=1887"},{"taxonomy":"product_cat","embeddable":true,"href":"https:\/\/mztextileworld.com\/en_us\/wp-json\/wp\/v2\/product_cat?post=1887"},{"taxonomy":"product_tag","embeddable":true,"href":"https:\/\/mztextileworld.com\/en_us\/wp-json\/wp\/v2\/product_tag?post=1887"}],"curies":[{"name":"wp","href":"https:\/\/api.w.org\/{rel}","templated":true}]}}