{"id":2234,"date":"2024-04-01T16:29:23","date_gmt":"2024-04-01T16:29:23","guid":{"rendered":"https:\/\/mztextileworld.com\/?post_type=product&#038;p=2234"},"modified":"2025-07-30T00:02:47","modified_gmt":"2025-07-30T00:02:47","slug":"handgefertigte-bunte-haekel-kissenbezug-40x40-kissenhuelle-dekokissen-dekoration","status":"publish","type":"product","link":"https:\/\/mztextileworld.com\/en_us\/product\/handgefertigte-bunte-haekel-kissenbezug-40x40-kissenhuelle-dekokissen-dekoration\/","title":{"rendered":"Handgefertigte Bunte H\u00e4kel-Kissenbezug 40&#215;40 Kissenh\u00fclle Dekokissen dekoration"},"content":{"rendered":"<p>Entdecken Sie die Sch\u00f6nheit handwerklicher Kunst mit unserer handgefertigten H\u00e4kel-Kissenh\u00fclle. Dieser farbenfrohe, lebendige Kissenbezug steht f\u00fcr traditionelle Handwerkskunst in modernem Stil, perfekt, um Ihrem Zuhause eine einzigartige Note zu verleihen.<\/p>\n<p><strong>Hauptmerkmale<\/strong><\/p>\n<ul>\n<li><strong>Artisanale Handwerkskunst<\/strong>: Jede H\u00fclle wird mit gro\u00dfer Sorgfalt handgeh\u00e4kelt, was eine einzigartige, hochwertige Verarbeitung garantiert.<\/li>\n<li><strong>Materialqualit\u00e4t<\/strong>: Aus hochwertigem Garn gefertigt, sind unsere Bez\u00fcge sowohl weich als auch langlebig und f\u00fcr den t\u00e4glichen Gebrauch geeignet.<\/li>\n<li><strong>Auff\u00e4lliges Design<\/strong>: Das bunte Muster sorgt daf\u00fcr, dass diese Kissenh\u00fclle in jedem Wohnzimmer, Schlafzimmer oder jeder gem\u00fctlichen Leseecke auff\u00e4llt.<\/li>\n<li><strong>Standardgr\u00f6\u00dfe<\/strong>: Entworfen f\u00fcr Standard-Kissengr\u00f6\u00dfen, ist sie eine einfache M\u00f6glichkeit, Ihre vorhandenen Kissen aufzufrischen.<\/li>\n<li><strong>Einfache Pflege<\/strong>: Maschinenwaschbar oder per Handw\u00e4sche, f\u00fcr eine unkomplizierte Wartung.<\/li>\n<\/ul>\n<p><strong>Ideal F\u00fcr<\/strong><\/p>\n<ul>\n<li>Aufwertung Ihrer Heimdekoration mit einem Farbtupfer.<\/li>\n<li>Als Geschenk f\u00fcr Liebhaber handgemachter Handwerkskunst.<\/li>\n<li>Erg\u00e4nzung f\u00fcr Sofas, Sessel oder Betten mit einer gem\u00fctlichen, k\u00fcnstlerischen Note.<\/li>\n<\/ul>","protected":false},"excerpt":{"rendered":"<p>Entdecken Sie die Sch\u00f6nheit handwerklicher Kunst mit unserer handgefertigten H\u00e4kel-Kissenh\u00fclle. Dieser farbenfrohe, lebendige Kissenbezug steht f\u00fcr traditionelle Handwerkskunst in modernem Stil, perfekt, um Ihrem Zuhause eine einzigartige Note zu verleihen. Hauptmerkmale Artisanale Handwerkskunst: Jede H\u00fclle wird mit gro\u00dfer Sorgfalt handgeh\u00e4kelt, was eine einzigartige, hochwertige Verarbeitung garantiert. Materialqualit\u00e4t: Aus hochwertigem Garn gefertigt, sind unsere Bez\u00fcge sowohl [&hellip;]<\/p>\n","protected":false},"featured_media":2235,"comment_status":"open","ping_status":"closed","template":"","meta":{"site-sidebar-layout":"default","site-content-layout":"","ast-site-content-layout":"default","site-content-style":"default","site-sidebar-style":"default","ast-global-header-display":"","ast-banner-title-visibility":"","ast-main-header-display":"","ast-hfb-above-header-display":"","ast-hfb-below-header-display":"","ast-hfb-mobile-header-display":"","site-post-title":"","ast-breadcrumbs-content":"","ast-featured-img":"","footer-sml-layout":"","ast-disable-related-posts":"","theme-transparent-header-meta":"default","adv-header-id-meta":"","stick-header-meta":"","header-above-stick-meta":"","header-main-stick-meta":"","header-below-stick-meta":"","astra-migrate-meta-layouts":"set","ast-page-background-enabled":"default","ast-page-background-meta":{"desktop":{"background-color":"","background-image":"","background-repeat":"repeat","background-position":"center center","background-size":"auto","background-attachment":"scroll","background-type":"","background-media":"","overlay-type":"","overlay-color":"","overlay-opacity":"","overlay-gradient":""},"tablet":{"background-color":"","background-image":"","background-repeat":"repeat","background-position":"center center","background-size":"auto","background-attachment":"scroll","background-type":"","background-media":"","overlay-type":"","overlay-color":"","overlay-opacity":"","overlay-gradient":""},"mobile":{"background-color":"","background-image":"","background-repeat":"repeat","background-position":"center center","background-size":"auto","background-attachment":"scroll","background-type":"","background-media":"","overlay-type":"","overlay-color":"","overlay-opacity":"","overlay-gradient":""}},"ast-content-background-meta":{"desktop":{"background-color":"var(--ast-global-color-5)","background-image":"","background-repeat":"repeat","background-position":"center center","background-size":"auto","background-attachment":"scroll","background-type":"","background-media":"","overlay-type":"","overlay-color":"","overlay-opacity":"","overlay-gradient":""},"tablet":{"background-color":"var(--ast-global-color-5)","background-image":"","background-repeat":"repeat","background-position":"center center","background-size":"auto","background-attachment":"scroll","background-type":"","background-media":"","overlay-type":"","overlay-color":"","overlay-opacity":"","overlay-gradient":""},"mobile":{"background-color":"var(--ast-global-color-5)","background-image":"","background-repeat":"repeat","background-position":"center center","background-size":"auto","background-attachment":"scroll","background-type":"","background-media":"","overlay-type":"","overlay-color":"","overlay-opacity":"","overlay-gradient":""}}},"product_brand":[],"product_cat":[31],"product_tag":[],"class_list":{"0":"post-2234","1":"product","2":"type-product","3":"status-publish","4":"has-post-thumbnail","6":"product_cat-dekokissen","7":"desktop-align-left","8":"tablet-align-left","9":"mobile-align-left","11":"first","12":"instock","13":"featured","14":"shipping-taxable","15":"purchasable","16":"product-type-simple"},"yoast_head":"<!-- This site is optimized with the Yoast SEO plugin v27.5 - https:\/\/yoast.com\/product\/yoast-seo-wordpress\/ -->\n<title>Handgefertigte Bunte H\u00e4kel-Kissenbezug 40x40 Kissenh\u00fclle Dekokissen dekoration -<\/title>\n<meta name=\"robots\" content=\"index, follow, max-snippet:-1, max-image-preview:large, max-video-preview:-1\" \/>\n<link rel=\"canonical\" href=\"https:\/\/mztextileworld.com\/en_us\/product\/handgefertigte-bunte-haekel-kissenbezug-40x40-kissenhuelle-dekokissen-dekoration\/\" \/>\n<meta property=\"og:locale\" content=\"en_US\" \/>\n<meta property=\"og:type\" content=\"article\" \/>\n<meta property=\"og:title\" content=\"Handgefertigte Bunte H\u00e4kel-Kissenbezug 40x40 Kissenh\u00fclle Dekokissen dekoration -\" \/>\n<meta property=\"og:description\" content=\"Entdecken Sie die Sch\u00f6nheit handwerklicher Kunst mit unserer handgefertigten H\u00e4kel-Kissenh\u00fclle. Dieser farbenfrohe, lebendige Kissenbezug steht f\u00fcr traditionelle Handwerkskunst in modernem Stil, perfekt, um Ihrem Zuhause eine einzigartige Note zu verleihen. Hauptmerkmale Artisanale Handwerkskunst: Jede H\u00fclle wird mit gro\u00dfer Sorgfalt handgeh\u00e4kelt, was eine einzigartige, hochwertige Verarbeitung garantiert. Materialqualit\u00e4t: Aus hochwertigem Garn gefertigt, sind unsere Bez\u00fcge sowohl [&hellip;]\" \/>\n<meta property=\"og:url\" content=\"https:\/\/mztextileworld.com\/en_us\/product\/handgefertigte-bunte-haekel-kissenbezug-40x40-kissenhuelle-dekokissen-dekoration\/\" \/>\n<meta property=\"article:publisher\" content=\"https:\/\/www.facebook.com\/mztextileworld\/\" \/>\n<meta property=\"article:modified_time\" content=\"2025-07-30T00:02:47+00:00\" \/>\n<meta property=\"og:image\" content=\"https:\/\/mztextileworld.com\/wp-content\/uploads\/2024\/04\/2.jpeg\" \/>\n\t<meta property=\"og:image:width\" content=\"1280\" \/>\n\t<meta property=\"og:image:height\" content=\"1280\" \/>\n\t<meta property=\"og:image:type\" content=\"image\/jpeg\" \/>\n<meta name=\"twitter:card\" content=\"summary_large_image\" \/>\n<meta name=\"twitter:label1\" content=\"Est. reading time\" \/>\n\t<meta name=\"twitter:data1\" content=\"1 minute\" \/>\n<script type=\"application\/ld+json\" class=\"yoast-schema-graph\">{\"@context\":\"https:\\\/\\\/schema.org\",\"@graph\":[{\"@type\":\"WebPage\",\"@id\":\"https:\\\/\\\/mztextileworld.com\\\/product\\\/handgefertigte-bunte-haekel-kissenbezug-40x40-kissenhuelle-dekokissen-dekoration\\\/\",\"url\":\"https:\\\/\\\/mztextileworld.com\\\/product\\\/handgefertigte-bunte-haekel-kissenbezug-40x40-kissenhuelle-dekokissen-dekoration\\\/\",\"name\":\"Handgefertigte Bunte H\u00e4kel-Kissenbezug 40x40 Kissenh\u00fclle Dekokissen dekoration -\",\"isPartOf\":{\"@id\":\"https:\\\/\\\/mztextileworld.com\\\/#website\"},\"primaryImageOfPage\":{\"@id\":\"https:\\\/\\\/mztextileworld.com\\\/product\\\/handgefertigte-bunte-haekel-kissenbezug-40x40-kissenhuelle-dekokissen-dekoration\\\/#primaryimage\"},\"image\":{\"@id\":\"https:\\\/\\\/mztextileworld.com\\\/product\\\/handgefertigte-bunte-haekel-kissenbezug-40x40-kissenhuelle-dekokissen-dekoration\\\/#primaryimage\"},\"thumbnailUrl\":\"https:\\\/\\\/mztextileworld.com\\\/wp-content\\\/uploads\\\/2024\\\/04\\\/2.jpeg\",\"datePublished\":\"2024-04-01T16:29:23+00:00\",\"dateModified\":\"2025-07-30T00:02:47+00:00\",\"breadcrumb\":{\"@id\":\"https:\\\/\\\/mztextileworld.com\\\/product\\\/handgefertigte-bunte-haekel-kissenbezug-40x40-kissenhuelle-dekokissen-dekoration\\\/#breadcrumb\"},\"inLanguage\":\"en-US\",\"potentialAction\":[{\"@type\":\"ReadAction\",\"target\":[\"https:\\\/\\\/mztextileworld.com\\\/product\\\/handgefertigte-bunte-haekel-kissenbezug-40x40-kissenhuelle-dekokissen-dekoration\\\/\"]}]},{\"@type\":\"ImageObject\",\"inLanguage\":\"en-US\",\"@id\":\"https:\\\/\\\/mztextileworld.com\\\/product\\\/handgefertigte-bunte-haekel-kissenbezug-40x40-kissenhuelle-dekokissen-dekoration\\\/#primaryimage\",\"url\":\"https:\\\/\\\/mztextileworld.com\\\/wp-content\\\/uploads\\\/2024\\\/04\\\/2.jpeg\",\"contentUrl\":\"https:\\\/\\\/mztextileworld.com\\\/wp-content\\\/uploads\\\/2024\\\/04\\\/2.jpeg\",\"width\":1280,\"height\":1280},{\"@type\":\"BreadcrumbList\",\"@id\":\"https:\\\/\\\/mztextileworld.com\\\/product\\\/handgefertigte-bunte-haekel-kissenbezug-40x40-kissenhuelle-dekokissen-dekoration\\\/#breadcrumb\",\"itemListElement\":[{\"@type\":\"ListItem\",\"position\":1,\"name\":\"Home\",\"item\":\"https:\\\/\\\/mztextileworld.com\\\/\"},{\"@type\":\"ListItem\",\"position\":2,\"name\":\"Shop\",\"item\":\"https:\\\/\\\/mztextileworld.com\\\/en_us\\\/shop\\\/\"},{\"@type\":\"ListItem\",\"position\":3,\"name\":\"Handgefertigte Bunte H\u00e4kel-Kissenbezug 40&#215;40 Kissenh\u00fclle Dekokissen dekoration\"}]},{\"@type\":\"WebSite\",\"@id\":\"https:\\\/\\\/mztextileworld.com\\\/#website\",\"url\":\"https:\\\/\\\/mztextileworld.com\\\/\",\"name\":\"www.mztextileworld.com\",\"description\":\"\",\"publisher\":{\"@id\":\"https:\\\/\\\/mztextileworld.com\\\/#organization\"},\"potentialAction\":[{\"@type\":\"SearchAction\",\"target\":{\"@type\":\"EntryPoint\",\"urlTemplate\":\"https:\\\/\\\/mztextileworld.com\\\/?s={search_term_string}\"},\"query-input\":{\"@type\":\"PropertyValueSpecification\",\"valueRequired\":true,\"valueName\":\"search_term_string\"}}],\"inLanguage\":\"en-US\"},{\"@type\":\"Organization\",\"@id\":\"https:\\\/\\\/mztextileworld.com\\\/#organization\",\"name\":\"MZ Textile World\",\"url\":\"https:\\\/\\\/mztextileworld.com\\\/\",\"logo\":{\"@type\":\"ImageObject\",\"inLanguage\":\"en-US\",\"@id\":\"https:\\\/\\\/mztextileworld.com\\\/#\\\/schema\\\/logo\\\/image\\\/\",\"url\":\"https:\\\/\\\/mztextileworld.com\\\/wp-content\\\/uploads\\\/2024\\\/02\\\/MZ-Textile-World_F1.png\",\"contentUrl\":\"https:\\\/\\\/mztextileworld.com\\\/wp-content\\\/uploads\\\/2024\\\/02\\\/MZ-Textile-World_F1.png\",\"width\":885,\"height\":885,\"caption\":\"MZ Textile World\"},\"image\":{\"@id\":\"https:\\\/\\\/mztextileworld.com\\\/#\\\/schema\\\/logo\\\/image\\\/\"},\"sameAs\":[\"https:\\\/\\\/www.facebook.com\\\/mztextileworld\\\/\",\"https:\\\/\\\/www.instagram.com\\\/mztextileworld\\\/#\"]}]}<\/script>\n<!-- \/ Yoast SEO plugin. -->","yoast_head_json":{"title":"Handgefertigte Bunte H\u00e4kel-Kissenbezug 40x40 Kissenh\u00fclle Dekokissen dekoration -","robots":{"index":"index","follow":"follow","max-snippet":"max-snippet:-1","max-image-preview":"max-image-preview:large","max-video-preview":"max-video-preview:-1"},"canonical":"https:\/\/mztextileworld.com\/en_us\/product\/handgefertigte-bunte-haekel-kissenbezug-40x40-kissenhuelle-dekokissen-dekoration\/","og_locale":"en_US","og_type":"article","og_title":"Handgefertigte Bunte H\u00e4kel-Kissenbezug 40x40 Kissenh\u00fclle Dekokissen dekoration -","og_description":"Entdecken Sie die Sch\u00f6nheit handwerklicher Kunst mit unserer handgefertigten H\u00e4kel-Kissenh\u00fclle. Dieser farbenfrohe, lebendige Kissenbezug steht f\u00fcr traditionelle Handwerkskunst in modernem Stil, perfekt, um Ihrem Zuhause eine einzigartige Note zu verleihen. Hauptmerkmale Artisanale Handwerkskunst: Jede H\u00fclle wird mit gro\u00dfer Sorgfalt handgeh\u00e4kelt, was eine einzigartige, hochwertige Verarbeitung garantiert. Materialqualit\u00e4t: Aus hochwertigem Garn gefertigt, sind unsere Bez\u00fcge sowohl [&hellip;]","og_url":"https:\/\/mztextileworld.com\/en_us\/product\/handgefertigte-bunte-haekel-kissenbezug-40x40-kissenhuelle-dekokissen-dekoration\/","article_publisher":"https:\/\/www.facebook.com\/mztextileworld\/","article_modified_time":"2025-07-30T00:02:47+00:00","og_image":[{"width":1280,"height":1280,"url":"https:\/\/mztextileworld.com\/wp-content\/uploads\/2024\/04\/2.jpeg","type":"image\/jpeg"}],"twitter_card":"summary_large_image","twitter_misc":{"Est. reading time":"1 minute"},"schema":{"@context":"https:\/\/schema.org","@graph":[{"@type":"WebPage","@id":"https:\/\/mztextileworld.com\/product\/handgefertigte-bunte-haekel-kissenbezug-40x40-kissenhuelle-dekokissen-dekoration\/","url":"https:\/\/mztextileworld.com\/product\/handgefertigte-bunte-haekel-kissenbezug-40x40-kissenhuelle-dekokissen-dekoration\/","name":"Handgefertigte Bunte H\u00e4kel-Kissenbezug 40x40 Kissenh\u00fclle Dekokissen dekoration -","isPartOf":{"@id":"https:\/\/mztextileworld.com\/#website"},"primaryImageOfPage":{"@id":"https:\/\/mztextileworld.com\/product\/handgefertigte-bunte-haekel-kissenbezug-40x40-kissenhuelle-dekokissen-dekoration\/#primaryimage"},"image":{"@id":"https:\/\/mztextileworld.com\/product\/handgefertigte-bunte-haekel-kissenbezug-40x40-kissenhuelle-dekokissen-dekoration\/#primaryimage"},"thumbnailUrl":"https:\/\/mztextileworld.com\/wp-content\/uploads\/2024\/04\/2.jpeg","datePublished":"2024-04-01T16:29:23+00:00","dateModified":"2025-07-30T00:02:47+00:00","breadcrumb":{"@id":"https:\/\/mztextileworld.com\/product\/handgefertigte-bunte-haekel-kissenbezug-40x40-kissenhuelle-dekokissen-dekoration\/#breadcrumb"},"inLanguage":"en-US","potentialAction":[{"@type":"ReadAction","target":["https:\/\/mztextileworld.com\/product\/handgefertigte-bunte-haekel-kissenbezug-40x40-kissenhuelle-dekokissen-dekoration\/"]}]},{"@type":"ImageObject","inLanguage":"en-US","@id":"https:\/\/mztextileworld.com\/product\/handgefertigte-bunte-haekel-kissenbezug-40x40-kissenhuelle-dekokissen-dekoration\/#primaryimage","url":"https:\/\/mztextileworld.com\/wp-content\/uploads\/2024\/04\/2.jpeg","contentUrl":"https:\/\/mztextileworld.com\/wp-content\/uploads\/2024\/04\/2.jpeg","width":1280,"height":1280},{"@type":"BreadcrumbList","@id":"https:\/\/mztextileworld.com\/product\/handgefertigte-bunte-haekel-kissenbezug-40x40-kissenhuelle-dekokissen-dekoration\/#breadcrumb","itemListElement":[{"@type":"ListItem","position":1,"name":"Home","item":"https:\/\/mztextileworld.com\/"},{"@type":"ListItem","position":2,"name":"Shop","item":"https:\/\/mztextileworld.com\/en_us\/shop\/"},{"@type":"ListItem","position":3,"name":"Handgefertigte Bunte H\u00e4kel-Kissenbezug 40&#215;40 Kissenh\u00fclle Dekokissen dekoration"}]},{"@type":"WebSite","@id":"https:\/\/mztextileworld.com\/#website","url":"https:\/\/mztextileworld.com\/","name":"www.mztextileworld.com","description":"","publisher":{"@id":"https:\/\/mztextileworld.com\/#organization"},"potentialAction":[{"@type":"SearchAction","target":{"@type":"EntryPoint","urlTemplate":"https:\/\/mztextileworld.com\/?s={search_term_string}"},"query-input":{"@type":"PropertyValueSpecification","valueRequired":true,"valueName":"search_term_string"}}],"inLanguage":"en-US"},{"@type":"Organization","@id":"https:\/\/mztextileworld.com\/#organization","name":"MZ Textile World","url":"https:\/\/mztextileworld.com\/","logo":{"@type":"ImageObject","inLanguage":"en-US","@id":"https:\/\/mztextileworld.com\/#\/schema\/logo\/image\/","url":"https:\/\/mztextileworld.com\/wp-content\/uploads\/2024\/02\/MZ-Textile-World_F1.png","contentUrl":"https:\/\/mztextileworld.com\/wp-content\/uploads\/2024\/02\/MZ-Textile-World_F1.png","width":885,"height":885,"caption":"MZ Textile World"},"image":{"@id":"https:\/\/mztextileworld.com\/#\/schema\/logo\/image\/"},"sameAs":["https:\/\/www.facebook.com\/mztextileworld\/","https:\/\/www.instagram.com\/mztextileworld\/#"]}]}},"jetpack_sharing_enabled":true,"_links":{"self":[{"href":"https:\/\/mztextileworld.com\/en_us\/wp-json\/wp\/v2\/product\/2234","targetHints":{"allow":["GET"]}}],"collection":[{"href":"https:\/\/mztextileworld.com\/en_us\/wp-json\/wp\/v2\/product"}],"about":[{"href":"https:\/\/mztextileworld.com\/en_us\/wp-json\/wp\/v2\/types\/product"}],"replies":[{"embeddable":true,"href":"https:\/\/mztextileworld.com\/en_us\/wp-json\/wp\/v2\/comments?post=2234"}],"wp:featuredmedia":[{"embeddable":true,"href":"https:\/\/mztextileworld.com\/en_us\/wp-json\/wp\/v2\/media\/2235"}],"wp:attachment":[{"href":"https:\/\/mztextileworld.com\/en_us\/wp-json\/wp\/v2\/media?parent=2234"}],"wp:term":[{"taxonomy":"product_brand","embeddable":true,"href":"https:\/\/mztextileworld.com\/en_us\/wp-json\/wp\/v2\/product_brand?post=2234"},{"taxonomy":"product_cat","embeddable":true,"href":"https:\/\/mztextileworld.com\/en_us\/wp-json\/wp\/v2\/product_cat?post=2234"},{"taxonomy":"product_tag","embeddable":true,"href":"https:\/\/mztextileworld.com\/en_us\/wp-json\/wp\/v2\/product_tag?post=2234"}],"curies":[{"name":"wp","href":"https:\/\/api.w.org\/{rel}","templated":true}]}}